{"id":1582,"date":"2023-09-22T07:15:00","date_gmt":"2023-09-22T07:15:00","guid":{"rendered":"https:\/\/punsch.group\/?page_id=1582"},"modified":"2024-07-09T13:29:36","modified_gmt":"2024-07-09T13:29:36","slug":"data-privacy","status":"publish","type":"page","link":"https:\/\/punsch.group\/de\/data-privacy\/","title":{"rendered":"Datenschutz"},"content":{"rendered":"<div data-elementor-type=\"wp-page\" data-elementor-id=\"1582\" class=\"elementor elementor-1582\" data-elementor-post-type=\"page\">\n\t\t\t\t\t\t<section class=\"elementor-section elementor-top-section elementor-element elementor-element-4286f53 header-video elementor-section-boxed elementor-section-height-default elementor-section-height-default\" data-id=\"4286f53\" data-element_type=\"section\" data-settings=\"{&quot;background_background&quot;:&quot;video&quot;,&quot;background_video_link&quot;:&quot;https:\\\/\\\/punsch.group\\\/wp-content\\\/uploads\\\/2023\\\/11\\\/pg-site-header-Services-_1080p_.mp4&quot;,&quot;background_play_on_mobile&quot;:&quot;yes&quot;}\">\n\t\t\t\t\t\t\t\t<div class=\"elementor-background-video-container\">\n\t\t\t\t\t\t\t\t\t\t\t\t\t<video class=\"elementor-background-video-hosted\" autoplay muted playsinline loop><\/video>\n\t\t\t\t\t\t\t\t\t\t\t<\/div>\n\t\t\t\t\t\t\t\t<div class=\"elementor-container elementor-column-gap-default\">\n\t\t\t\t\t<div class=\"elementor-column elementor-col-100 elementor-top-column elementor-element elementor-element-c0bc792\" data-id=\"c0bc792\" data-element_type=\"column\">\n\t\t\t<div class=\"elementor-widget-wrap\">\n\t\t\t\t\t\t\t<\/div>\n\t\t<\/div>\n\t\t\t\t\t<\/div>\n\t\t<\/section>\n\t\t\t\t<section class=\"elementor-section elementor-top-section elementor-element elementor-element-26ec319 elementor-section-boxed elementor-section-height-default elementor-section-height-default\" data-id=\"26ec319\" data-element_type=\"section\" data-settings=\"{&quot;background_background&quot;:&quot;classic&quot;}\">\n\t\t\t\t\t\t<div class=\"elementor-container elementor-column-gap-default\">\n\t\t\t\t\t<div class=\"elementor-column elementor-col-100 elementor-top-column elementor-element elementor-element-13cf603\" data-id=\"13cf603\" data-element_type=\"column\" data-settings=\"{&quot;background_background&quot;:&quot;classic&quot;}\">\n\t\t\t<div class=\"elementor-widget-wrap elementor-element-populated\">\n\t\t\t\t\t\t<div class=\"elementor-element elementor-element-c39d41e scroll-fade-in elementor-invisible elementor-widget elementor-widget-heading\" data-id=\"c39d41e\" data-element_type=\"widget\" data-settings=\"{&quot;_animation&quot;:&quot;fadeInLeft&quot;}\" data-widget_type=\"heading.default\">\n\t\t\t\t<div class=\"elementor-widget-container\">\n\t\t\t\t\t<h2 class=\"elementor-heading-title elementor-size-default\">Datenschutz<\/h2>\t\t\t\t<\/div>\n\t\t\t\t<\/div>\n\t\t\t\t<div class=\"elementor-element elementor-element-5f27611 elementor-widget-divider--view-line elementor-widget elementor-widget-divider\" data-id=\"5f27611\" data-element_type=\"widget\" data-widget_type=\"divider.default\">\n\t\t\t\t<div class=\"elementor-widget-container\">\n\t\t\t\t\t\t\t<div class=\"elementor-divider\">\n\t\t\t<span class=\"elementor-divider-separator\">\n\t\t\t\t\t\t<\/span>\n\t\t<\/div>\n\t\t\t\t\t\t<\/div>\n\t\t\t\t<\/div>\n\t\t\t\t<div class=\"elementor-element elementor-element-fcff14d scroll-fade-in elementor-invisible elementor-widget elementor-widget-heading\" data-id=\"fcff14d\" data-element_type=\"widget\" data-settings=\"{&quot;_animation&quot;:&quot;fadeInLeft&quot;}\" data-widget_type=\"heading.default\">\n\t\t\t\t<div class=\"elementor-widget-container\">\n\t\t\t\t\t<h3 class=\"elementor-heading-title elementor-size-default\">1. Allgemeines<\/h3>\t\t\t\t<\/div>\n\t\t\t\t<\/div>\n\t\t\t\t<div class=\"elementor-element elementor-element-f88a8ec elementor-widget elementor-widget-text-editor\" data-id=\"f88a8ec\" data-element_type=\"widget\" data-widget_type=\"text-editor.default\">\n\t\t\t\t<div class=\"elementor-widget-container\">\n\t\t\t\t\t\t\t\t\t<p>Mit dieser Datenschutzerkl\u00e4rung m\u00f6chten wir Sie \u00fcber den Umgang mit personenbezogenen Daten beim Besuch dieser Website informieren. Die punsch.gruppe legt gro\u00dfen Wert auf den Schutz, die Richtigkeit und die Integrit\u00e4t Ihrer personenbezogenen Daten.\u00a0<\/p><p>Die Nutzung dieser Website ist freiwillig. Sollten Sie mit der Verwendung Ihrer Daten nicht einverstanden sein, k\u00f6nnen Sie diese Website verlassen.\u00a0<\/p><p>Die vorliegende Datenschutzerkl\u00e4rung kann jederzeit von der punsch.group ge\u00e4ndert oder aktualisiert werden.<\/p>\t\t\t\t\t\t\t\t<\/div>\n\t\t\t\t<\/div>\n\t\t\t\t<div class=\"elementor-element elementor-element-f2ab253 scroll-fade-in elementor-invisible elementor-widget elementor-widget-heading\" data-id=\"f2ab253\" data-element_type=\"widget\" data-settings=\"{&quot;_animation&quot;:&quot;fadeInLeft&quot;}\" data-widget_type=\"heading.default\">\n\t\t\t\t<div class=\"elementor-widget-container\">\n\t\t\t\t\t<h3 class=\"elementor-heading-title elementor-size-default\">2. Verantwortliche Organisation<\/h3>\t\t\t\t<\/div>\n\t\t\t\t<\/div>\n\t\t\t\t<div class=\"elementor-element elementor-element-37622fe elementor-widget elementor-widget-text-editor\" data-id=\"37622fe\" data-element_type=\"widget\" data-widget_type=\"text-editor.default\">\n\t\t\t\t<div class=\"elementor-widget-container\">\n\t\t\t\t\t\t\t\t\t<p>Nachfolgend finden Sie die Kontaktdaten des f\u00fcr die Verarbeitung Verantwortlichen sowie des Datenschutzbeauftragten.<\/p><p>Verantwortlicher f\u00fcr die Verarbeitung<\/p><p>punsch.group GmbH<br \/>office@punsch.group<\/p><p>Datenschutzbeauftragter<\/p><p>Wajden Byloff<br \/>wajden@punsch.group<\/p>\t\t\t\t\t\t\t\t<\/div>\n\t\t\t\t<\/div>\n\t\t\t\t<div class=\"elementor-element elementor-element-0321650 scroll-fade-in elementor-invisible elementor-widget elementor-widget-heading\" data-id=\"0321650\" data-element_type=\"widget\" data-settings=\"{&quot;_animation&quot;:&quot;fadeInLeft&quot;}\" data-widget_type=\"heading.default\">\n\t\t\t\t<div class=\"elementor-widget-container\">\n\t\t\t\t\t<h3 class=\"elementor-heading-title elementor-size-default\">3. Sicherheitsvorkehrungen<\/h3>\t\t\t\t<\/div>\n\t\t\t\t<\/div>\n\t\t\t\t<div class=\"elementor-element elementor-element-c9656ad elementor-widget elementor-widget-text-editor\" data-id=\"c9656ad\" data-element_type=\"widget\" data-widget_type=\"text-editor.default\">\n\t\t\t\t<div class=\"elementor-widget-container\">\n\t\t\t\t\t\t\t\t\t<p>Wir treffen organisatorische, vertragliche und technische Sicherheitsvorkehrungen nach dem Stand der Technik, um die Einhaltung der datenschutzrechtlichen Bestimmungen sowie den Schutz der von uns verwendeten Daten gegen zuf\u00e4llige oder vors\u00e4tzliche Manipulationen, Verlust, Zerst\u00f6rung oder unberechtigten Zugriff zu gew\u00e4hrleisten.<\/p><p>Zu den Sicherheitsma\u00dfnahmen geh\u00f6rt insbesondere die verschl\u00fcsselte \u00dcbertragung aller Daten zwischen Ihrem Browser und unserem Server.<\/p>\t\t\t\t\t\t\t\t<\/div>\n\t\t\t\t<\/div>\n\t\t\t\t<div class=\"elementor-element elementor-element-002de6e scroll-fade-in elementor-invisible elementor-widget elementor-widget-heading\" data-id=\"002de6e\" data-element_type=\"widget\" data-settings=\"{&quot;_animation&quot;:&quot;fadeInLeft&quot;}\" data-widget_type=\"heading.default\">\n\t\t\t\t<div class=\"elementor-widget-container\">\n\t\t\t\t\t<h3 class=\"elementor-heading-title elementor-size-default\">4. Weitergabe von Informationen an Dritte<\/h3>\t\t\t\t<\/div>\n\t\t\t\t<\/div>\n\t\t\t\t<div class=\"elementor-element elementor-element-b781530 elementor-widget elementor-widget-text-editor\" data-id=\"b781530\" data-element_type=\"widget\" data-widget_type=\"text-editor.default\">\n\t\t\t\t<div class=\"elementor-widget-container\">\n\t\t\t\t\t\t\t\t\t<p>Personenbezogene Daten werden nur dann an Dritte weitergegeben, wenn dies erforderlich ist - etwa wenn es f\u00fcr Vertragszwecke nach DSGVO Art. 6 Abs. 1 lit. b, oder auf Grundlage der berechtigten Interessen eines wirtschaftlichen und effizienten Betriebs f\u00fcr unser Unternehmen gem\u00e4\u00df DSGVO Art. 6 Abs. 1 lit. f.<\/p><p>Bei der Beauftragung von Subunternehmern zur Erbringung unserer Leistungen treffen wir die gesetzlichen Vorkehrungen sowie technische und organisatorische Ma\u00dfnahmen, um die Sicherheit personenbezogener Daten gem\u00e4\u00df den datenschutzrechtlichen Bestimmungen zu gew\u00e4hrleisten.<\/p>\t\t\t\t\t\t\t\t<\/div>\n\t\t\t\t<\/div>\n\t\t\t\t<div class=\"elementor-element elementor-element-58a8e2e scroll-fade-in elementor-invisible elementor-widget elementor-widget-heading\" data-id=\"58a8e2e\" data-element_type=\"widget\" data-settings=\"{&quot;_animation&quot;:&quot;fadeInLeft&quot;}\" data-widget_type=\"heading.default\">\n\t\t\t\t<div class=\"elementor-widget-container\">\n\t\t\t\t\t<h3 class=\"elementor-heading-title elementor-size-default\">5. Kontakt<\/h3>\t\t\t\t<\/div>\n\t\t\t\t<\/div>\n\t\t\t\t<div class=\"elementor-element elementor-element-67b50a4 elementor-widget elementor-widget-text-editor\" data-id=\"67b50a4\" data-element_type=\"widget\" data-widget_type=\"text-editor.default\">\n\t\t\t\t<div class=\"elementor-widget-container\">\n\t\t\t\t\t\t\t\t\t<p>Bei der Kontaktaufnahme mit uns (per E-Mail) werden die Angaben des Nutzers zur Bearbeitung der Kontaktanfrage auf Grundlage der DSGVO Art. 6 Abs.. 1lit.b.<\/p>\t\t\t\t\t\t\t\t<\/div>\n\t\t\t\t<\/div>\n\t\t\t\t<div class=\"elementor-element elementor-element-89c9833 scroll-fade-in elementor-invisible elementor-widget elementor-widget-heading\" data-id=\"89c9833\" data-element_type=\"widget\" data-settings=\"{&quot;_animation&quot;:&quot;fadeInLeft&quot;}\" data-widget_type=\"heading.default\">\n\t\t\t\t<div class=\"elementor-widget-container\">\n\t\t\t\t\t<h3 class=\"elementor-heading-title elementor-size-default\">6. Erhebung von Zugriffsdaten und Logfiles<\/h3>\t\t\t\t<\/div>\n\t\t\t\t<\/div>\n\t\t\t\t<div class=\"elementor-element elementor-element-b5867b6 elementor-widget elementor-widget-text-editor\" data-id=\"b5867b6\" data-element_type=\"widget\" data-widget_type=\"text-editor.default\">\n\t\t\t\t<div class=\"elementor-widget-container\">\n\t\t\t\t\t\t\t\t\t<p>Wir erheben die Daten auf Grundlage von berechtigten Interessen gem\u00e4\u00df DSGVO Art. 6 Abs.. 1 lit. f. \u00fcber jeden Zugriff auf den Server im Dienst (sog. Serverlogfiles). Zu den Zugriffsdaten geh\u00f6ren Name der abgerufenen Webseite, Datei, Datum und Uhrzeit des Abrufs, \u00fcbertragene Datenmenge, Meldung \u00fcber erfolgreichen Abruf, Browserversion, das Betriebssystem des Nutzers, Referrer URL (die zuvor besuchte Seite), IP-Adresse sowie der anfragende Provider.<\/p><p>Aus Sicherheitsgr\u00fcnden (z.B. zum Zwecke der Aufkl\u00e4rung von Missbrauch oder Betrug im Zusammenhang mit Zugriffen) werden Logfile-Informationen f\u00fcr maximal sieben Tage gespeichert und danach gel\u00f6scht.<br \/>Daten, f\u00fcr die eine Speicherung zu Beweiszwecken erforderlich ist, sind bis zur Kl\u00e4rung des Vorfalls von der L\u00f6schung ausgeschlossen.<\/p>\t\t\t\t\t\t\t\t<\/div>\n\t\t\t\t<\/div>\n\t\t\t\t<div class=\"elementor-element elementor-element-7e24c4e scroll-fade-in elementor-invisible elementor-widget elementor-widget-heading\" data-id=\"7e24c4e\" data-element_type=\"widget\" data-settings=\"{&quot;_animation&quot;:&quot;fadeInLeft&quot;}\" data-widget_type=\"heading.default\">\n\t\t\t\t<div class=\"elementor-widget-container\">\n\t\t\t\t\t<h3 class=\"elementor-heading-title elementor-size-default\">7. Cookies & Range-Measurement<\/h3>\t\t\t\t<\/div>\n\t\t\t\t<\/div>\n\t\t\t\t<div class=\"elementor-element elementor-element-ae54378 elementor-widget elementor-widget-text-editor\" data-id=\"ae54378\" data-element_type=\"widget\" data-widget_type=\"text-editor.default\">\n\t\t\t\t<div class=\"elementor-widget-container\">\n\t\t\t\t\t\t\t\t\t<p>Bei Cookies handelt es sich um Informationen, die vom eigenen oder einem fremden Server an den Browser des Nutzers \u00fcbermittelt und dort f\u00fcr einen sp\u00e4teren Abruf gespeichert werden. Cookies k\u00f6nnen kleine Dateien oder \u00e4hnliche Arten der Informationsspeicherung sein.<\/p><p>Wir verwenden Session-Cookies, die nur f\u00fcr die Dauer des aktuellen Besuchs auf einer unserer Websites aktiv sind (z.B. um Log-in-Dateien oder Warenkorbfunktionen zu speichern und damit die Nutzung unserer Online-Dienste zu erm\u00f6glichen).<\/p><p>In einem Session-Cookie wird eine zuf\u00e4llig erzeugte und eindeutige Identifikationsnummer gespeichert, eine sogenannte Session-ID. Dar\u00fcber hinaus enth\u00e4lt das Cookie Informationen \u00fcber seine Herkunft und Speicherdauer - weitere Daten k\u00f6nnen sie nicht sichern. Die L\u00f6schung des Session-Cookies erfolgt, wenn die Nutzung unseres Online-Angebots beendet ist, z.B. eine Abmeldung erfolgt oder der Browser geschlossen wird.<br \/>\u00dcber die Verwendung von Cookies im Rahmen der pseudonymen Reichweitenmessung wird der Nutzer in der Datenschutzerkl\u00e4rung informiert.<\/p><p>Ist die Speicherung per Cookie auf seinem Rechner vom Nutzer nicht gew\u00fcnscht, wird er gebeten, die entsprechende Option in seinen Browser-Systemeinstellungen zu deaktivieren. Gesicherte Cookies k\u00f6nnen in den Systemeinstellungen ihres Browsers gel\u00f6scht werden. Der Ausschluss von Cookies kann zu Funktionseinschr\u00e4nkungen bei unseren Online-Diensten f\u00fchren.<\/p><p>Folgende Cookies werden auf der punsch.group-Website \"www.punsch.group\" verwendet:<\/p><p>Kategorie der Daten: Statistik<\/p><p>Zweck des Cookies: Dient zur Unterscheidung von Nutzern<\/p><p>Platziert von: Google<\/p><p>Speicherdauer: 2 Jahre<\/p><p>Kategorie der Daten: Statistik<\/p><p>Zweck des Cookies: Dient der Unterscheidung zwischen Nutzern und der Bereitstellung gezielter Werbung<\/p><p>Platziert von: Meta<\/p><p>Speicherdauer: 3 Monate<\/p>\t\t\t\t\t\t\t\t<\/div>\n\t\t\t\t<\/div>\n\t\t\t\t<div class=\"elementor-element elementor-element-47ebc34 scroll-fade-in elementor-invisible elementor-widget elementor-widget-heading\" data-id=\"47ebc34\" data-element_type=\"widget\" data-settings=\"{&quot;_animation&quot;:&quot;fadeInLeft&quot;}\" data-widget_type=\"heading.default\">\n\t\t\t\t<div class=\"elementor-widget-container\">\n\t\t\t\t\t<h3 class=\"elementor-heading-title elementor-size-default\">8. Dienste und Inhalte von Drittanbietern<\/h3>\t\t\t\t<\/div>\n\t\t\t\t<\/div>\n\t\t\t\t<div class=\"elementor-element elementor-element-a7745d5 elementor-widget elementor-widget-text-editor\" data-id=\"a7745d5\" data-element_type=\"widget\" data-widget_type=\"text-editor.default\">\n\t\t\t\t<div class=\"elementor-widget-container\">\n\t\t\t\t\t\t\t\t\t<p>Auf Grundlage unserer berechtigten Interessen (Interesse an der Analyse, dem wirtschaftlichen und effizienten Betrieb unseres Onlineangebotes im Sinne des DSGVO Art. 6 Abs.. 1 lit. f.) nutzen wir Content-Angebote und -Dienste Dritter, um deren Content-Angebote und -Dienste zu vermarkten, z.B. das Vermarkten von Videos und Schriftarten (durchg\u00e4ngig als Content genutzt). Dies setzt voraus, dass die Drittanbieter dieser Inhalte die IP-Adresse des Nutzers verwenden, da die Inhalte ohne IP-Adresse nicht an den Browser \u00fcbermittelt werden k\u00f6nnen. Die IP-Adresse ist damit f\u00fcr die Darstellung dieser Inhalte erforderlich.\u00a0<\/p><p>Wir bem\u00fchen uns, nur solche Inhalte zu verwenden, deren Anbieter die IP-Adresse lediglich zur Auslieferung der Inhalte verwenden. Dritte k\u00f6nnen sogenannte Pixel-Tags (unsichtbare Grafiken oder Codes, auch \"Web Beacons\" genannt) ebenfalls zu statischen oder Marketingzwecken verwenden. Mit Hilfe von \"Pixel-Tags\" k\u00f6nnen Informationen wie z.B. der Besucherverkehr auf Unterseiten der Website analysiert werden. Die pseudonymen Daten k\u00f6nnen in Cookies auf dem Ger\u00e4t des Nutzers gespeichert werden und beinhalten technische Informationen \u00fcber den Browser und das Betriebssystem, verweisende Webseiten, Zeitpunkt des Zugriffs sowie weitere Informationen \u00fcber die Nutzung unserer Online-Dienste. Diese Informationen werden verwendet, um sie mit anderen Informationen aus verschiedenen Quellen zu verkn\u00fcpfen.<\/p><p>Die nachfolgende Beschreibung gibt einen \u00dcberblick \u00fcber Dritte und deren jeweilige Inhalte, einschlie\u00dflich eines Links zu deren jeweiligen Datenschutzerkl\u00e4rungen, die weitere Informationen zur Datenverarbeitung und, wie teilweise oben erw\u00e4hnt, Widerspruchsm\u00f6glichkeiten (sog. Opt-Out) enthalten:<br \/>Externe Schriftarten von Google, Inc. www.google.com\/fonts (\"Google Fonts\"). Die Einbettung von Google Fonts erfolgt per Serveraufruf (in der Regel durch Google US). Datenschutzhinweis: www.google.com\/policies\/privacy\/, Opt-Out: www.google.com\/settings\/ads\/.<br \/>Videos von der Plattform \"YouTube\" des Drittanbieters Google Inc. 1600 Amphitheatre Parkway, Mountain View, CA 94043, USA. Datenschutzbestimmungen: https:\/\/www.google.com\/policies\/privacy\/, Opt-Out: https:\/\/www.google.com\/settings\/ads\/.<\/p>\t\t\t\t\t\t\t\t<\/div>\n\t\t\t\t<\/div>\n\t\t\t\t<div class=\"elementor-element elementor-element-74755e6 scroll-fade-in elementor-invisible elementor-widget elementor-widget-heading\" data-id=\"74755e6\" data-element_type=\"widget\" data-settings=\"{&quot;_animation&quot;:&quot;fadeInLeft&quot;}\" data-widget_type=\"heading.default\">\n\t\t\t\t<div class=\"elementor-widget-container\">\n\t\t\t\t\t<h3 class=\"elementor-heading-title elementor-size-default\"><h3>9. Rechte der Nutzer<\/h3><\/h3>\t\t\t\t<\/div>\n\t\t\t\t<\/div>\n\t\t\t\t<div class=\"elementor-element elementor-element-baaafc1 elementor-widget elementor-widget-text-editor\" data-id=\"baaafc1\" data-element_type=\"widget\" data-widget_type=\"text-editor.default\">\n\t\t\t\t<div class=\"elementor-widget-container\">\n\t\t\t\t\t\t\t\t\t<p>Die Nutzer haben das Recht, auf Antrag unentgeltlich Auskunft \u00fcber die \u00fcber sie gespeicherten personenbezogenen Daten zu erhalten.<br \/>Ferner haben die Nutzer das Recht auf Berichtigung unrichtiger Daten, Einschr\u00e4nkung der Verarbeitung und L\u00f6schung personenbezogener Daten, wenn sie ihr Recht auf Daten\u00fcbertragbarkeit geltend machen und im Falle einer unrechtm\u00e4\u00dfigen Verarbeitung Beschwerde bei der zust\u00e4ndigen Aufsichtsbeh\u00f6rde einlegen.<br \/>Ebenso k\u00f6nnen die Nutzer ihre Einwilligung generell mit Wirkung f\u00fcr die Zukunft widerrufen.<\/p>\t\t\t\t\t\t\t\t<\/div>\n\t\t\t\t<\/div>\n\t\t\t\t<div class=\"elementor-element elementor-element-0c04578 scroll-fade-in elementor-invisible elementor-widget elementor-widget-heading\" data-id=\"0c04578\" data-element_type=\"widget\" data-settings=\"{&quot;_animation&quot;:&quot;fadeInLeft&quot;}\" data-widget_type=\"heading.default\">\n\t\t\t\t<div class=\"elementor-widget-container\">\n\t\t\t\t\t<h3 class=\"elementor-heading-title elementor-size-default\">10. L\u00f6schung von Daten<\/h3>\t\t\t\t<\/div>\n\t\t\t\t<\/div>\n\t\t\t\t<div class=\"elementor-element elementor-element-966c78a elementor-widget elementor-widget-text-editor\" data-id=\"966c78a\" data-element_type=\"widget\" data-widget_type=\"text-editor.default\">\n\t\t\t\t<div class=\"elementor-widget-container\">\n\t\t\t\t\t\t\t\t\t<p>Die L\u00f6schung der bei uns gespeicherten Daten erfolgt, wenn sie f\u00fcr ihre Zweckbestimmung nicht mehr erforderlich sind und sofern der L\u00f6schung keine gesetzlichen Aufbewahrungspflichten entgegenstehen. Sollten die Daten eines Nutzers nicht gel\u00f6scht werden, weil sie f\u00fcr andere gesetzliche Zwecke ben\u00f6tigt werden, wird die Verarbeitung eingeschr\u00e4nkt. Das bedeutet, dass die Daten gesperrt und nicht f\u00fcr andere Zwecke verwendet werden, was f\u00fcr Nutzerdaten gilt, die aus kommerziellen oder steuerlichen Gr\u00fcnden gespeichert werden m\u00fcssen.<\/p><p>Grunds\u00e4tzlich erfolgt die Speicherung der Daten f\u00fcr bis zu 10 Jahre.<\/p>\t\t\t\t\t\t\t\t<\/div>\n\t\t\t\t<\/div>\n\t\t\t\t<div class=\"elementor-element elementor-element-2ac99dc scroll-fade-in elementor-invisible elementor-widget elementor-widget-heading\" data-id=\"2ac99dc\" data-element_type=\"widget\" data-settings=\"{&quot;_animation&quot;:&quot;fadeInLeft&quot;}\" data-widget_type=\"heading.default\">\n\t\t\t\t<div class=\"elementor-widget-container\">\n\t\t\t\t\t<h3 class=\"elementor-heading-title elementor-size-default\">11. Widerspruchsrecht<\/h3>\t\t\t\t<\/div>\n\t\t\t\t<\/div>\n\t\t\t\t<div class=\"elementor-element elementor-element-9dba395 elementor-widget elementor-widget-text-editor\" data-id=\"9dba395\" data-element_type=\"widget\" data-widget_type=\"text-editor.default\">\n\t\t\t\t<div class=\"elementor-widget-container\">\n\t\t\t\t\t\t\t\t\t<p>Nutzer haben das Recht, der k\u00fcnftigen Verarbeitung ihrer personenbezogenen Daten nach Ma\u00dfgabe der gesetzlichen Bestimmungen jederzeit zu widersprechen.<br \/>Insbesondere kann der Verarbeitung von Daten f\u00fcr Direktwerbung widersprochen werden.<\/p>\t\t\t\t\t\t\t\t<\/div>\n\t\t\t\t<\/div>\n\t\t\t\t<div class=\"elementor-element elementor-element-9ece365 scroll-fade-in elementor-invisible elementor-widget elementor-widget-heading\" data-id=\"9ece365\" data-element_type=\"widget\" data-settings=\"{&quot;_animation&quot;:&quot;fadeInLeft&quot;}\" data-widget_type=\"heading.default\">\n\t\t\t\t<div class=\"elementor-widget-container\">\n\t\t\t\t\t<h3 class=\"elementor-heading-title elementor-size-default\">12. \u00c4nderungen der Datenschutzbestimmungen<\/h3>\t\t\t\t<\/div>\n\t\t\t\t<\/div>\n\t\t\t\t<div class=\"elementor-element elementor-element-d98d92c elementor-widget elementor-widget-text-editor\" data-id=\"d98d92c\" data-element_type=\"widget\" data-widget_type=\"text-editor.default\">\n\t\t\t\t<div class=\"elementor-widget-container\">\n\t\t\t\t\t\t\t\t\t<p>Wir behalten uns das Recht vor, die Datenschutzerkl\u00e4rung zu \u00e4ndern, um sie an ge\u00e4nderte Rechtslagen oder an \u00c4nderungen des Dienstes und der Datenverarbeitung anzupassen. Dies gilt jedoch nur f\u00fcr Erkl\u00e4rungen zur Datenverarbeitung. Soweit eine Einwilligung des Nutzers erforderlich ist oder Bestandteile der Datenschutzerkl\u00e4rung Regelungen des Vertragsverh\u00e4ltnisses mit den Nutzern enthalten, werden \u00c4nderungen nur mit Einwilligung der Nutzer vorgenommen.<\/p><p>Die Nutzer werden gebeten, sich regelm\u00e4\u00dfig \u00fcber den Inhalt der Datenschutzbestimmungen zu informieren.<\/p>\t\t\t\t\t\t\t\t<\/div>\n\t\t\t\t<\/div>\n\t\t\t\t\t<\/div>\n\t\t<\/div>\n\t\t\t\t\t<\/div>\n\t\t<\/section>\n\t\t\t\t<section class=\"elementor-section elementor-top-section elementor-element elementor-element-d445f53 elementor-section-boxed elementor-section-height-default elementor-section-height-default\" data-id=\"d445f53\" data-element_type=\"section\">\n\t\t\t\t\t\t<div class=\"elementor-container elementor-column-gap-default\">\n\t\t\t\t\t<div class=\"elementor-column elementor-col-100 elementor-top-column elementor-element elementor-element-41df6ae\" data-id=\"41df6ae\" data-element_type=\"column\">\n\t\t\t<div class=\"elementor-widget-wrap\">\n\t\t\t\t\t\t\t<\/div>\n\t\t<\/div>\n\t\t\t\t\t<\/div>\n\t\t<\/section>\n\t\t\t\t<\/div>","protected":false},"excerpt":{"rendered":"<p>Data Privacy \u200d1. Fundamentals \u200dBy means of this privacy policy, we would like to inform you about the usage of personal data while visiting this website. punsch.group attaches great importance to the protection, accuracy and integrity of your personal data.\u00a0 The usage of this website is voluntary. If you are against the usage of your [&hellip;]<\/p>","protected":false},"author":1,"featured_media":0,"parent":0,"menu_order":0,"comment_status":"closed","ping_status":"closed","template":"","meta":{"_acf_changed":false,"footnotes":""},"class_list":["post-1582","page","type-page","status-publish","hentry"],"acf":[],"_links":{"self":[{"href":"https:\/\/punsch.group\/de\/wp-json\/wp\/v2\/pages\/1582","targetHints":{"allow":["GET"]}}],"collection":[{"href":"https:\/\/punsch.group\/de\/wp-json\/wp\/v2\/pages"}],"about":[{"href":"https:\/\/punsch.group\/de\/wp-json\/wp\/v2\/types\/page"}],"author":[{"embeddable":true,"href":"https:\/\/punsch.group\/de\/wp-json\/wp\/v2\/users\/1"}],"replies":[{"embeddable":true,"href":"https:\/\/punsch.group\/de\/wp-json\/wp\/v2\/comments?post=1582"}],"version-history":[{"count":70,"href":"https:\/\/punsch.group\/de\/wp-json\/wp\/v2\/pages\/1582\/revisions"}],"predecessor-version":[{"id":3792,"href":"https:\/\/punsch.group\/de\/wp-json\/wp\/v2\/pages\/1582\/revisions\/3792"}],"wp:attachment":[{"href":"https:\/\/punsch.group\/de\/wp-json\/wp\/v2\/media?parent=1582"}],"curies":[{"name":"wp","href":"https:\/\/api.w.org\/{rel}","templated":true}]}}