{"id":1587,"date":"2023-09-22T07:16:00","date_gmt":"2023-09-22T07:16:00","guid":{"rendered":"https:\/\/punsch.group\/?page_id=1587"},"modified":"2024-07-09T13:30:58","modified_gmt":"2024-07-09T13:30:58","slug":"general-terms","status":"publish","type":"page","link":"https:\/\/punsch.group\/de\/general-terms\/","title":{"rendered":"AGBs"},"content":{"rendered":"<div data-elementor-type=\"wp-page\" data-elementor-id=\"1587\" class=\"elementor elementor-1587\" data-elementor-post-type=\"page\">\n\t\t\t\t\t\t<section class=\"elementor-section elementor-top-section elementor-element elementor-element-1abc066 header-video elementor-section-boxed elementor-section-height-default elementor-section-height-default\" data-id=\"1abc066\" data-element_type=\"section\" data-settings=\"{&quot;background_background&quot;:&quot;video&quot;,&quot;background_video_link&quot;:&quot;https:\\\/\\\/punsch.group\\\/wp-content\\\/uploads\\\/2023\\\/11\\\/pg-site-header-Services-_1080p_.mp4&quot;,&quot;background_play_on_mobile&quot;:&quot;yes&quot;}\">\n\t\t\t\t\t\t\t\t<div class=\"elementor-background-video-container\">\n\t\t\t\t\t\t\t\t\t\t\t\t\t<video class=\"elementor-background-video-hosted\" autoplay muted playsinline loop><\/video>\n\t\t\t\t\t\t\t\t\t\t\t<\/div>\n\t\t\t\t\t\t\t\t<div class=\"elementor-container elementor-column-gap-default\">\n\t\t\t\t\t<div class=\"elementor-column elementor-col-100 elementor-top-column elementor-element elementor-element-c4330fc\" data-id=\"c4330fc\" data-element_type=\"column\">\n\t\t\t<div class=\"elementor-widget-wrap\">\n\t\t\t\t\t\t\t<\/div>\n\t\t<\/div>\n\t\t\t\t\t<\/div>\n\t\t<\/section>\n\t\t\t\t<section class=\"elementor-section elementor-top-section elementor-element elementor-element-8c8bf69 elementor-section-boxed elementor-section-height-default elementor-section-height-default\" data-id=\"8c8bf69\" data-element_type=\"section\" data-settings=\"{&quot;background_background&quot;:&quot;classic&quot;}\">\n\t\t\t\t\t\t<div class=\"elementor-container elementor-column-gap-default\">\n\t\t\t\t\t<div class=\"elementor-column elementor-col-100 elementor-top-column elementor-element elementor-element-1ea6652\" data-id=\"1ea6652\" data-element_type=\"column\" data-settings=\"{&quot;background_background&quot;:&quot;classic&quot;}\">\n\t\t\t<div class=\"elementor-widget-wrap elementor-element-populated\">\n\t\t\t\t\t\t<div class=\"elementor-element elementor-element-57d0718 scroll-fade-in elementor-invisible elementor-widget elementor-widget-heading\" data-id=\"57d0718\" data-element_type=\"widget\" data-settings=\"{&quot;_animation&quot;:&quot;fadeInLeft&quot;}\" data-widget_type=\"heading.default\">\n\t\t\t\t<div class=\"elementor-widget-container\">\n\t\t\t\t\t<h2 class=\"elementor-heading-title elementor-size-default\">AGBs<\/h2>\t\t\t\t<\/div>\n\t\t\t\t<\/div>\n\t\t\t\t<div class=\"elementor-element elementor-element-d85ef32 elementor-widget-divider--view-line elementor-widget elementor-widget-divider\" data-id=\"d85ef32\" data-element_type=\"widget\" data-widget_type=\"divider.default\">\n\t\t\t\t<div class=\"elementor-widget-container\">\n\t\t\t\t\t\t\t<div class=\"elementor-divider\">\n\t\t\t<span class=\"elementor-divider-separator\">\n\t\t\t\t\t\t<\/span>\n\t\t<\/div>\n\t\t\t\t\t\t<\/div>\n\t\t\t\t<\/div>\n\t\t\t\t<div class=\"elementor-element elementor-element-835fd3a scroll-fade-in elementor-invisible elementor-widget elementor-widget-heading\" data-id=\"835fd3a\" data-element_type=\"widget\" data-settings=\"{&quot;_animation&quot;:&quot;fadeInLeft&quot;}\" data-widget_type=\"heading.default\">\n\t\t\t\t<div class=\"elementor-widget-container\">\n\t\t\t\t\t<h3 class=\"elementor-heading-title elementor-size-default\">Geltungsbereich<\/h3>\t\t\t\t<\/div>\n\t\t\t\t<\/div>\n\t\t\t\t<div class=\"elementor-element elementor-element-0bc4250 elementor-widget elementor-widget-text-editor\" data-id=\"0bc4250\" data-element_type=\"widget\" data-widget_type=\"text-editor.default\">\n\t\t\t\t<div class=\"elementor-widget-container\">\n\t\t\t\t\t\t\t\t\t<p>F\u00fcr den gesamten Gesch\u00e4ftsverkehr der punsch.group GmbH, insbesondere f\u00fcr ihre Lieferungen und Leistungen, gelten ausschlie\u00dflich die nachstehenden Allgemeinen Gesch\u00e4ftsbedingungen, soweit nicht schriftlich etwas anderes vereinbart ist.<\/p><p>\u200d<\/p><p>Allgemeine Gesch\u00e4ftsbedingungen des Kunden gelten auch dann nicht, wenn der Kunde im Zusammenhang mit seiner Bestellung oder seinem Auftrag auf sie verweist und punsch.group ihnen nicht widerspricht. Zusagen, Nebenabreden sowie \u00c4nderungen oder Erg\u00e4nzungen der Allgemeinen Gesch\u00e4ftsbedingungen bed\u00fcrfen der Schriftform. Dies gilt auch f\u00fcr die Aufhebung oder \u00c4nderung des Schriftformerfordernisses.<br \/>\u200d<\/p><p>Die punsch.group beh\u00e4lt sich das Recht vor, diese Allgemeinen Gesch\u00e4ftsbedingungen aufgrund neuer technischer Entwicklungen, aufgrund von \u00c4nderungen in der Gesetzgebung oder Rechtsprechung oder aus anderen gleichwertigen Gr\u00fcnden zu \u00e4ndern. Die \u00c4nderungen werden dem Kunden mindestens vier Wochen im Voraus bekannt gegeben. Widerspricht der Kunde diesen \u00c4nderungen nicht innerhalb von vier Wochen nach der Mitteilung, so wird das Vertragsverh\u00e4ltnis auf der Grundlage der ge\u00e4nderten Allgemeinen Gesch\u00e4ftsbedingungen fortgesetzt.<\/p>\t\t\t\t\t\t\t\t<\/div>\n\t\t\t\t<\/div>\n\t\t\t\t<div class=\"elementor-element elementor-element-e1476bc scroll-fade-in elementor-invisible elementor-widget elementor-widget-heading\" data-id=\"e1476bc\" data-element_type=\"widget\" data-settings=\"{&quot;_animation&quot;:&quot;fadeInLeft&quot;}\" data-widget_type=\"heading.default\">\n\t\t\t\t<div class=\"elementor-widget-container\">\n\t\t\t\t\t<h3 class=\"elementor-heading-title elementor-size-default\">Verpflichtung zur Mitwirkung<\/h3>\t\t\t\t<\/div>\n\t\t\t\t<\/div>\n\t\t\t\t<div class=\"elementor-element elementor-element-62e6a16 elementor-widget elementor-widget-text-editor\" data-id=\"62e6a16\" data-element_type=\"widget\" data-widget_type=\"text-editor.default\">\n\t\t\t\t<div class=\"elementor-widget-container\">\n\t\t\t\t\t\t\t\t\t<p>F\u00fcr eine professionelle und erfolgreiche Zusammenarbeit bitten wir Sie um Ihre Mithilfe.\u00a0<\/p>\t\t\t\t\t\t\t\t<\/div>\n\t\t\t\t<\/div>\n\t\t\t\t<div class=\"elementor-element elementor-element-8877e20 scroll-fade-in elementor-invisible elementor-widget elementor-widget-heading\" data-id=\"8877e20\" data-element_type=\"widget\" data-settings=\"{&quot;_animation&quot;:&quot;fadeInLeft&quot;}\" data-widget_type=\"heading.default\">\n\t\t\t\t<div class=\"elementor-widget-container\">\n\t\t\t\t\t<h3 class=\"elementor-heading-title elementor-size-default\">Kick-Off-Briefing<\/h3>\t\t\t\t<\/div>\n\t\t\t\t<\/div>\n\t\t\t\t<div class=\"elementor-element elementor-element-22cbfef elementor-widget elementor-widget-text-editor\" data-id=\"22cbfef\" data-element_type=\"widget\" data-widget_type=\"text-editor.default\">\n\t\t\t\t<div class=\"elementor-widget-container\">\n\t\t\t\t\t\t\t\t\t<p>Den Start der Zusammenarbeit bietet der Workshop. Darin legen wir das Projektziel, Meilensteine und notwendige Ressourcen fest. Die Anwesenheit aller Projektbeteiligten ist erw\u00fcnscht.<\/p>\t\t\t\t\t\t\t\t<\/div>\n\t\t\t\t<\/div>\n\t\t\t\t<div class=\"elementor-element elementor-element-310eabe scroll-fade-in elementor-invisible elementor-widget elementor-widget-heading\" data-id=\"310eabe\" data-element_type=\"widget\" data-settings=\"{&quot;_animation&quot;:&quot;fadeInLeft&quot;}\" data-widget_type=\"heading.default\">\n\t\t\t\t<div class=\"elementor-widget-container\">\n\t\t\t\t\t<h3 class=\"elementor-heading-title elementor-size-default\">Benennung eines Ansprechpartners<\/h3>\t\t\t\t<\/div>\n\t\t\t\t<\/div>\n\t\t\t\t<div class=\"elementor-element elementor-element-a55c655 elementor-widget elementor-widget-text-editor\" data-id=\"a55c655\" data-element_type=\"widget\" data-widget_type=\"text-editor.default\">\n\t\t\t\t<div class=\"elementor-widget-container\">\n\t\t\t\t\t\t\t\t\t<p>F\u00fcr eine schnelle und effiziente Kommunikation ben\u00f6tigen wir eine pers\u00f6nliche Kontaktperson. Diese Person \u00fcbernimmt f\u00fcr Sie die Gesamtprojektverantwortung, steht f\u00fcr R\u00fcckfragen zur Verf\u00fcgung und bespricht mit uns die Projektergebnisse.<\/p>\t\t\t\t\t\t\t\t<\/div>\n\t\t\t\t<\/div>\n\t\t\t\t<div class=\"elementor-element elementor-element-bb24ea3 scroll-fade-in elementor-invisible elementor-widget elementor-widget-heading\" data-id=\"bb24ea3\" data-element_type=\"widget\" data-settings=\"{&quot;_animation&quot;:&quot;fadeInLeft&quot;}\" data-widget_type=\"heading.default\">\n\t\t\t\t<div class=\"elementor-widget-container\">\n\t\t\t\t\t<h3 class=\"elementor-heading-title elementor-size-default\">Access to Materials & information<\/h3>\t\t\t\t<\/div>\n\t\t\t\t<\/div>\n\t\t\t\t<div class=\"elementor-element elementor-element-b0ec9c3 elementor-widget elementor-widget-text-editor\" data-id=\"b0ec9c3\" data-element_type=\"widget\" data-widget_type=\"text-editor.default\">\n\t\t\t\t<div class=\"elementor-widget-container\">\n\t\t\t\t\t\t\t\t\t<p>Ob Text, Bild oder Video - die Qualit\u00e4t und rechtzeitige Bereitstellung der notwendigen Ressourcen hat gro\u00dfen Einfluss auf das Endergebnis. F\u00fcr eine z\u00fcgige Weiterverarbeitung wollen wir diese in digitaler Form.<\/p>\t\t\t\t\t\t\t\t<\/div>\n\t\t\t\t<\/div>\n\t\t\t\t<div class=\"elementor-element elementor-element-dd8b07f scroll-fade-in elementor-invisible elementor-widget elementor-widget-heading\" data-id=\"dd8b07f\" data-element_type=\"widget\" data-settings=\"{&quot;_animation&quot;:&quot;fadeInLeft&quot;}\" data-widget_type=\"heading.default\">\n\t\t\t\t<div class=\"elementor-widget-container\">\n\t\t\t\t\t<h3 class=\"elementor-heading-title elementor-size-default\">Vorbereitung<\/h3>\t\t\t\t<\/div>\n\t\t\t\t<\/div>\n\t\t\t\t<div class=\"elementor-element elementor-element-be8fe8f elementor-widget elementor-widget-text-editor\" data-id=\"be8fe8f\" data-element_type=\"widget\" data-widget_type=\"text-editor.default\">\n\t\t\t\t<div class=\"elementor-widget-container\">\n\t\t\t\t\t\t\t\t\t<p>Wir geben 150% und das m\u00f6chten wir auch von Ihnen.<\/p><p>Jedes unserer Projekte erfordert eine professionelle Vorbereitung. Wir stellen die richtigen Fragen, und Sie geben uns die Antworten.<\/p>\t\t\t\t\t\t\t\t<\/div>\n\t\t\t\t<\/div>\n\t\t\t\t<div class=\"elementor-element elementor-element-b3a4ff5 scroll-fade-in elementor-invisible elementor-widget elementor-widget-heading\" data-id=\"b3a4ff5\" data-element_type=\"widget\" data-settings=\"{&quot;_animation&quot;:&quot;fadeInLeft&quot;}\" data-widget_type=\"heading.default\">\n\t\t\t\t<div class=\"elementor-widget-container\">\n\t\t\t\t\t<h3 class=\"elementor-heading-title elementor-size-default\">Fristen<\/h3>\t\t\t\t<\/div>\n\t\t\t\t<\/div>\n\t\t\t\t<div class=\"elementor-element elementor-element-6f05e27 elementor-widget elementor-widget-text-editor\" data-id=\"6f05e27\" data-element_type=\"widget\" data-widget_type=\"text-editor.default\">\n\t\t\t\t<div class=\"elementor-widget-container\">\n\t\t\t\t\t\t\t\t\t<p>Die rechtzeitige Einhaltung von Fristen f\u00fcr die Bereitstellung der erforderlichen Ressourcen hat f\u00fcr uns hohe Priorit\u00e4t. Die Nichteinhaltung von Terminen kann zu erheblichen Projektverz\u00f6gerungen aufgrund von anderen Projektverz\u00f6gerungen durch andere Kunden f\u00fchren. Bitte informieren Sie uns unverz\u00fcglich \u00fcber absehbare Verz\u00f6gerungen.<\/p>\t\t\t\t\t\t\t\t<\/div>\n\t\t\t\t<\/div>\n\t\t\t\t<div class=\"elementor-element elementor-element-0a8de5b scroll-fade-in elementor-invisible elementor-widget elementor-widget-heading\" data-id=\"0a8de5b\" data-element_type=\"widget\" data-settings=\"{&quot;_animation&quot;:&quot;fadeInLeft&quot;}\" data-widget_type=\"heading.default\">\n\t\t\t\t<div class=\"elementor-widget-container\">\n\t\t\t\t\t<h3 class=\"elementor-heading-title elementor-size-default\">Externe Dienstleister<\/h3>\t\t\t\t<\/div>\n\t\t\t\t<\/div>\n\t\t\t\t<div class=\"elementor-element elementor-element-08ff869 elementor-widget elementor-widget-text-editor\" data-id=\"08ff869\" data-element_type=\"widget\" data-widget_type=\"text-editor.default\">\n\t\t\t\t<div class=\"elementor-widget-container\">\n\t\t\t\t\t\t\t\t\t<p>Im Verlauf des Projektes kann es zu Abh\u00e4ngigkeiten von externen Hardware- und\/oder Softwareprodukten kommen. Wir werden Sie rechtzeitig \u00fcber die Notwendigkeit einer Anbindung informieren und ggf. nach R\u00fccksprache die Beschaffung in Ihrem Auftrag durchf\u00fchren.<\/p>\t\t\t\t\t\t\t\t<\/div>\n\t\t\t\t<\/div>\n\t\t\t\t<div class=\"elementor-element elementor-element-fe22ec7 scroll-fade-in elementor-invisible elementor-widget elementor-widget-heading\" data-id=\"fe22ec7\" data-element_type=\"widget\" data-settings=\"{&quot;_animation&quot;:&quot;fadeInLeft&quot;}\" data-widget_type=\"heading.default\">\n\t\t\t\t<div class=\"elementor-widget-container\">\n\t\t\t\t\t<h3 class=\"elementor-heading-title elementor-size-default\">Projektleitung<\/h3>\t\t\t\t<\/div>\n\t\t\t\t<\/div>\n\t\t\t\t<div class=\"elementor-element elementor-element-7245871 elementor-widget elementor-widget-text-editor\" data-id=\"7245871\" data-element_type=\"widget\" data-widget_type=\"text-editor.default\">\n\t\t\t\t<div class=\"elementor-widget-container\">\n\t\t\t\t\t\t\t\t\t<p>Ein pers\u00f6nlicher Ansprechpartner, schnelle Erreichbarkeit und eine klare Dokumentation der Projektphasen bilden die Basis f\u00fcr eine angenehme Zusammenarbeit. Wir k\u00fcmmern uns um den Aufbau und die Implementierung der Kommunikationswege, die Abstimmung und Diskussion mit Ihnen, die Projekt\u00fcberwachung und -steuerung, die Entgegennahme von Feedback und die Einleitung von Korrekturen sowie die Planung und Vorbereitung der \u00dcbergabe.<\/p>\t\t\t\t\t\t\t\t<\/div>\n\t\t\t\t<\/div>\n\t\t\t\t<div class=\"elementor-element elementor-element-de1af81 scroll-fade-in elementor-invisible elementor-widget elementor-widget-heading\" data-id=\"de1af81\" data-element_type=\"widget\" data-settings=\"{&quot;_animation&quot;:&quot;fadeInLeft&quot;}\" data-widget_type=\"heading.default\">\n\t\t\t\t<div class=\"elementor-widget-container\">\n\t\t\t\t\t<h3 class=\"elementor-heading-title elementor-size-default\">Korrekturen<\/h3>\t\t\t\t<\/div>\n\t\t\t\t<\/div>\n\t\t\t\t<div class=\"elementor-element elementor-element-4667e47 elementor-widget elementor-widget-text-editor\" data-id=\"4667e47\" data-element_type=\"widget\" data-widget_type=\"text-editor.default\">\n\t\t\t\t<div class=\"elementor-widget-container\">\n\t\t\t\t\t\t\t\t\t<p>Korrekturen sind ein wichtiger Bestandteil der gemeinsamen Produktiteration und beinhalten die Integration von Feedbackschleifen, die Behebung von Fehlern oder die Implementierung von Zusatzleistungen. Dieses Angebot beinhaltet bereits eine Korrekturschleife innerhalb des Erstellungsprozesses. Dar\u00fcber hinausgehende Korrekturschleifen sind m\u00f6glich. Sie werden mit dem entsprechenden Stundensatz abgerechnet.<\/p>\t\t\t\t\t\t\t\t<\/div>\n\t\t\t\t<\/div>\n\t\t\t\t<div class=\"elementor-element elementor-element-31387ca scroll-fade-in elementor-invisible elementor-widget elementor-widget-heading\" data-id=\"31387ca\" data-element_type=\"widget\" data-settings=\"{&quot;_animation&quot;:&quot;fadeInLeft&quot;}\" data-widget_type=\"heading.default\">\n\t\t\t\t<div class=\"elementor-widget-container\">\n\t\t\t\t\t<h3 class=\"elementor-heading-title elementor-size-default\">Feedback-Schleifen<\/h3>\t\t\t\t<\/div>\n\t\t\t\t<\/div>\n\t\t\t\t<div class=\"elementor-element elementor-element-7aa1aa5 elementor-widget elementor-widget-text-editor\" data-id=\"7aa1aa5\" data-element_type=\"widget\" data-widget_type=\"text-editor.default\">\n\t\t\t\t<div class=\"elementor-widget-container\">\n\t\t\t\t\t\t\t\t\t<p>Feedbackschleifen zu \u00c4nderungsw\u00fcnschen am Design und anderen Themen tragen wesentlich zum Produkterfolg bei. Das Feedback wird sofort pers\u00f6nlich besprochen, diskutiert und entsprechend integriert.<\/p>\t\t\t\t\t\t\t\t<\/div>\n\t\t\t\t<\/div>\n\t\t\t\t<div class=\"elementor-element elementor-element-4aacf44 scroll-fade-in elementor-invisible elementor-widget elementor-widget-heading\" data-id=\"4aacf44\" data-element_type=\"widget\" data-settings=\"{&quot;_animation&quot;:&quot;fadeInLeft&quot;}\" data-widget_type=\"heading.default\">\n\t\t\t\t<div class=\"elementor-widget-container\">\n\t\t\t\t\t<h3 class=\"elementor-heading-title elementor-size-default\">Mehraufwand<\/h3>\t\t\t\t<\/div>\n\t\t\t\t<\/div>\n\t\t\t\t<div class=\"elementor-element elementor-element-4326c34 elementor-widget elementor-widget-text-editor\" data-id=\"4326c34\" data-element_type=\"widget\" data-widget_type=\"text-editor.default\">\n\t\t\t\t<div class=\"elementor-widget-container\">\n\t\t\t\t\t\t\t\t\t<p>Zus\u00e4tzlicher Aufwand entsteht durch Feedback-Schleifen oder vom Kunden gew\u00fcnschte Anforderungen, die \u00fcber die im Angebot definierten Leistungen hinausgehen. Jede zus\u00e4tzliche Leistung wird mit dem entsprechenden Tagessatz in Rechnung gestellt.<\/p>\t\t\t\t\t\t\t\t<\/div>\n\t\t\t\t<\/div>\n\t\t\t\t<div class=\"elementor-element elementor-element-0dd0aea scroll-fade-in elementor-invisible elementor-widget elementor-widget-heading\" data-id=\"0dd0aea\" data-element_type=\"widget\" data-settings=\"{&quot;_animation&quot;:&quot;fadeInLeft&quot;}\" data-widget_type=\"heading.default\">\n\t\t\t\t<div class=\"elementor-widget-container\">\n\t\t\t\t\t<h3 class=\"elementor-heading-title elementor-size-default\">Aufwandsregistrierung\u00a0<\/h3>\t\t\t\t<\/div>\n\t\t\t\t<\/div>\n\t\t\t\t<div class=\"elementor-element elementor-element-94437c8 elementor-widget elementor-widget-text-editor\" data-id=\"94437c8\" data-element_type=\"widget\" data-widget_type=\"text-editor.default\">\n\t\t\t\t<div class=\"elementor-widget-container\">\n\t\t\t\t\t\t\t\t\t<p>Die Projektmitarbeiter dokumentieren den entstandenen Aufwand in Form einer Zeiterfassung. Eine aktuelle Zeiterfassung kann auf Anfrage angefordert werden.<\/p>\t\t\t\t\t\t\t\t<\/div>\n\t\t\t\t<\/div>\n\t\t\t\t<div class=\"elementor-element elementor-element-8d7336c scroll-fade-in elementor-invisible elementor-widget elementor-widget-heading\" data-id=\"8d7336c\" data-element_type=\"widget\" data-settings=\"{&quot;_animation&quot;:&quot;fadeInLeft&quot;}\" data-widget_type=\"heading.default\">\n\t\t\t\t<div class=\"elementor-widget-container\">\n\t\t\t\t\t<h3 class=\"elementor-heading-title elementor-size-default\">Zahlungsmodus<\/h3>\t\t\t\t<\/div>\n\t\t\t\t<\/div>\n\t\t\t\t<div class=\"elementor-element elementor-element-cf1e15d elementor-widget elementor-widget-text-editor\" data-id=\"cf1e15d\" data-element_type=\"widget\" data-widget_type=\"text-editor.default\">\n\t\t\t\t<div class=\"elementor-widget-container\">\n\t\t\t\t\t\t\t\t\t<p>Die erste Teilzahlung betr\u00e4gt 50% und wird bei Inbetriebnahme in Rechnung gestellt. Die Rechnungsstellung der zweiten Teilzahlung in H\u00f6he von 50% erfolgt nach Fertigstellung.<\/p>\t\t\t\t\t\t\t\t<\/div>\n\t\t\t\t<\/div>\n\t\t\t\t\t<\/div>\n\t\t<\/div>\n\t\t\t\t\t<\/div>\n\t\t<\/section>\n\t\t\t\t<\/div>","protected":false},"excerpt":{"rendered":"<p>General Terms Scope The following General Terms and Conditions shall apply exclusively to all business transactions of punsch.group GmbH, in particular to its deliveries and services, unless otherwise agreed in writing. \u200d General terms and conditions of the Customer shall not apply even if the Customer refers to them in connection with its order or [&hellip;]<\/p>","protected":false},"author":1,"featured_media":0,"parent":0,"menu_order":0,"comment_status":"closed","ping_status":"closed","template":"","meta":{"_acf_changed":false,"footnotes":""},"class_list":["post-1587","page","type-page","status-publish","hentry"],"acf":[],"_links":{"self":[{"href":"https:\/\/punsch.group\/de\/wp-json\/wp\/v2\/pages\/1587","targetHints":{"allow":["GET"]}}],"collection":[{"href":"https:\/\/punsch.group\/de\/wp-json\/wp\/v2\/pages"}],"about":[{"href":"https:\/\/punsch.group\/de\/wp-json\/wp\/v2\/types\/page"}],"author":[{"embeddable":true,"href":"https:\/\/punsch.group\/de\/wp-json\/wp\/v2\/users\/1"}],"replies":[{"embeddable":true,"href":"https:\/\/punsch.group\/de\/wp-json\/wp\/v2\/comments?post=1587"}],"version-history":[{"count":61,"href":"https:\/\/punsch.group\/de\/wp-json\/wp\/v2\/pages\/1587\/revisions"}],"predecessor-version":[{"id":3800,"href":"https:\/\/punsch.group\/de\/wp-json\/wp\/v2\/pages\/1587\/revisions\/3800"}],"wp:attachment":[{"href":"https:\/\/punsch.group\/de\/wp-json\/wp\/v2\/media?parent=1587"}],"curies":[{"name":"wp","href":"https:\/\/api.w.org\/{rel}","templated":true}]}}